{"id":270968,"date":"2019-10-23T19:26:22","date_gmt":"2019-10-23T17:26:22","guid":{"rendered":"http:\/\/biomes.world\/interesting-facts\/weight-reduction\/abnehmen-durch-probiotika\/"},"modified":"2023-03-09T13:59:50","modified_gmt":"2023-03-09T12:59:50","slug":"abnehmen-durch-probiotika","status":"publish","type":"page","link":"http:\/\/www.biomes.world\/en\/interesting-facts\/weight-reduction\/with-probiotics\/","title":{"rendered":"Losing weight with probiotics"},"content":{"rendered":"\n<h1 class=\"wp-block-heading\">Can you lose weight with probiotics?<\/h1>\n\n\n\n<p>The fact that probiotics are good for our body is already revealed by their name: &#8220;Pro&#8221; is Latin and means&nbsp;<strong>&#8220;for&#8221;<\/strong>, and the ancient Greek word &#8220;bios&#8221; means&nbsp;<strong>&#8220;life&#8221;<\/strong>. Small microorganisms, bacteria and fungi, such as those contained in probiotics, are essential to the human body. The totality of all&nbsp;<a href=\"http:\/\/biomes.world\/es\/cosas-a-saber\/intestino\/salud-intestinal\/intestino-sano\/intestino-sano\/intestino-sano\/intestino-sano\/intestino-sano\/intestino-sano\/intestino-sano\/intestino-sano\/intestino-sano\/intestino-sano\/intestino-sano\/intestino-sano\/intestino-sano\/bacterias-intestinales\/\">microorganisms in our intestine<\/a>&nbsp;\u2013 the intestinal microbiota \u2013 fulfils numerous important tasks. And if it is balanced and diverse in composition, it can also help, for example, in weight reduction. So can you lose weight with probiotics?<\/p>\n\n\n\n<h2 class=\"wp-block-heading\">What are probiotics?<\/h2>\n\n\n\n<p>According to the definition of the World Health Organization,&nbsp;<a href=\"https:\/\/biomes.world\/en\/interesting-facts\/intestine\/intestinal-health\/probiotics\/\">probiotics<\/a>&nbsp;are&nbsp;<strong>living microorganisms<\/strong>&nbsp;that provide a&nbsp;<strong>health benefit<\/strong>&nbsp;to the host organism. Probiotics occur in different forms: There are foods that are naturally probiotic and probiotic supplements that are enriched with bacteria of specific strains. The decisive factor is that the microorganisms are alive and can&nbsp;<strong>multiply in the body<\/strong>.<\/p>\n\n\n\n<h2 class=\"wp-block-heading\">Lose weight with probiotics: You can even find them in your food<\/h2>\n\n\n\n<p>There are some foods that contain living bacteria, especially&nbsp;<strong>lactic acid bacteria<\/strong>. You can easily absorb them through your food and thus enrich your intestinal flora, which can have a positive effect on your weight loss goals. You can naturally lose weight with probiotics contained in food. There should be always a place in your everyday life for the following natural probiotics &#8211; even if you are not on diet:<\/p>\n\n\n<div id=\"benefits-block_fe966a5ca4fe219e62b9d05e0b38fefc\" class=\"benefits site-block\">\n    <div class=\"benefits__row row xs-up-1 md-up-2 lg-up-3\">\n        <div class=\"benefits__item column\"><div class=\"benefits__content\"><div class=\"benefits__media--icon benefits__media\"><svg xmlns=\"http:\/\/www.w3.org\/2000\/svg\" viewBox=\"0 0 12 12\"><use xlink:href=\"http:\/\/www.biomes.world\/wp-content\/themes\/biomesworld\/resources\/public\/svg\/icons.svg?1.62#check\"><\/use><\/svg><\/div><div class=\"benefits__text\"><div class=\"benefits__header\">Sauerkraut<\/div><p>This must be fresh sauerkraut that has not been heated but fermented to preserve it. See if you can find one at the organic market.<\/p>\n<\/div><\/div><\/div><div class=\"benefits__item column\"><div class=\"benefits__content\"><div class=\"benefits__media--icon benefits__media\"><svg xmlns=\"http:\/\/www.w3.org\/2000\/svg\" viewBox=\"0 0 12 12\"><use xlink:href=\"http:\/\/www.biomes.world\/wp-content\/themes\/biomesworld\/resources\/public\/svg\/icons.svg?1.62#check\"><\/use><\/svg><\/div><div class=\"benefits__text\"><div class=\"benefits__header\">Yoghurt<\/div><p>Eat natural yoghurt, which you can enrich with honey or fresh fruit to give it more flavour.<\/p>\n<\/div><\/div><\/div><div class=\"benefits__item column\"><div class=\"benefits__content\"><div class=\"benefits__media--icon benefits__media\"><svg xmlns=\"http:\/\/www.w3.org\/2000\/svg\" viewBox=\"0 0 12 12\"><use xlink:href=\"http:\/\/www.biomes.world\/wp-content\/themes\/biomesworld\/resources\/public\/svg\/icons.svg?1.62#check\"><\/use><\/svg><\/div><div class=\"benefits__text\"><div class=\"benefits__header\">Kefir<\/div><p>Not everyone likes it, but it is worth giving the kefir a chance. The sour, thick milk drink is produced by fermentation with the\u00a0<a href=\"http:\/\/biomes.world\/blog\/kefir-was-er-kann-und-wie-er-hergestellt-wird\/\">kefir fungus<\/a>.<\/p>\n<\/div><\/div><\/div><div class=\"benefits__item column\"><div class=\"benefits__content\"><div class=\"benefits__media--icon benefits__media\"><svg xmlns=\"http:\/\/www.w3.org\/2000\/svg\" viewBox=\"0 0 12 12\"><use xlink:href=\"http:\/\/www.biomes.world\/wp-content\/themes\/biomesworld\/resources\/public\/svg\/icons.svg?1.62#check\"><\/use><\/svg><\/div><div class=\"benefits__text\"><div class=\"benefits__header\">Miso<\/div><p>The Japanese spice paste is made from fermented soya \u2013 and fermented is always good, as numerous bacteria are at work in the fermentation process.<\/p>\n<\/div><\/div><\/div><div class=\"benefits__item column\"><div class=\"benefits__content\"><div class=\"benefits__media--icon benefits__media\"><svg xmlns=\"http:\/\/www.w3.org\/2000\/svg\" viewBox=\"0 0 12 12\"><use xlink:href=\"http:\/\/www.biomes.world\/wp-content\/themes\/biomesworld\/resources\/public\/svg\/icons.svg?1.62#check\"><\/use><\/svg><\/div><div class=\"benefits__text\"><div class=\"benefits__header\">Cider vinegar<\/div><p>Another fermented food that you can always eat \u2013 a dash of cider vinegar in a salad dressing, for example, and your bowels will be delighted.<\/p>\n<\/div><\/div><\/div><div class=\"benefits__item column\"><div class=\"benefits__content\"><div class=\"benefits__media--icon benefits__media\"><svg xmlns=\"http:\/\/www.w3.org\/2000\/svg\" viewBox=\"0 0 12 12\"><use xlink:href=\"http:\/\/www.biomes.world\/wp-content\/themes\/biomesworld\/resources\/public\/svg\/icons.svg?1.62#check\"><\/use><\/svg><\/div><div class=\"benefits__text\"><div class=\"benefits__header\">Kombucha-tea<\/div><p>It is celebrating a comeback as a trendy drink \u2013 and we think that&#8217;s great. Because Kombucha tea is also fermented. And what you find in it accordingly, we probably don&#8217;t have to say again.<\/p>\n<\/div><\/div><\/div>    <\/div>\n<\/div>\n\n\n\n<p><strong>Why can you lose weight with probiotics?&nbsp;<\/strong>With a balanced intestinal flora, bacteria that are beneficial for losing weight and those that are more likely to get in the way of losing weight are roughly the scales. Useful bacteria include the&nbsp;<a href=\"https:\/\/biomes.world\/en\/interesting-facts\/intestine\/bacteroidetes\/\">bacteroidetes bacteria<\/a>. These bacteria are not so thorough in extracting energy from food. If your intestinal flora contains enough Bacteroidetes, you won&#8217;t easily create an excess of calories that would make you gain weight.<\/p>\n\n\n\n<p>And even if you eat probiotic foods that do not contain any of these&nbsp;<strong>&#8220;slimming bacteria&#8221;<\/strong>, you still promote the diversity of your intestinal flora, and this makes it easier for you to maintain a normal body weight.<\/p>\n\n\n\n<h2 class=\"wp-block-heading\">Lose weight with probiotics \u2013 when are they useful?<\/h2>\n\n\n\n<p>The intestinal flora builds up automatically from birth \u2013 you just have to feed it well. Probiotic foods are very well suited for this. However, by no means all foods contain the useful bacteria. The&nbsp;<strong>active enrichment of the intestine with bacteria<\/strong>&nbsp;can therefore be highly recommended, especially in certain situations, for example&nbsp;<strong>after an <a href=\"http:\/\/biomes.world\/en\/interesting-facts\/antibiotics\/\">antibiotic <\/a>intake<\/strong>. Because antibiotics work \u2013 as the name suggests \u2013 against bacteria.<\/p>\n\n\n\n<p>Although antibiotics only target certain pathogenic bacteria, no antibiotic is actually so targeted. That is why some of the good representatives are always affected. So if your intestines are weakened by antibiotics and the variety of bacteria is reduced,&nbsp;<strong>probiotic food supplements<\/strong>&nbsp;can help you to&nbsp;<strong>enrich the intestines with useful bacteria in a targeted way and in a short time.&nbsp;<\/strong>.<\/p>\n\n\n\n<p>Even if you want to give it a chance, you can lose weight with probiotics. Some people find it difficult to lose weight because they have too few of the &#8220;slimmers&#8221; in the intestines, but more of the &#8220;fatteners&#8221; &#8211; especially the&nbsp;firmicutes bacteria. There are some probiotic food supplements available that contain these bacteria. In&nbsp;<strong>combination with a balanced, fibre-rich diet<\/strong>&nbsp;you can multiply these little helpers in the intestines and losing weight is easier for you. However, if you try to lose weight with probiotics alone, it will not lead to success: A balanced diet and sufficient exercise are also necessary.<\/p>\n\n\n\n<h2 class=\"wp-block-heading\">On the way to the ideal weight: specifically promoting intestinal bacteria<\/h2>\n\n\n\n<p>Maybe you are wondering how you should know which intestinal bacteria you have and whether you really can lose weight with probiotics? With the intestinal analysis&nbsp;<a href=\"https:\/\/biomes.world\/en\/feel-better\/intest-pro\/\"><strong>INTEST.<\/strong>pro<\/a>&nbsp;from&nbsp;<strong>BIOMES<\/strong>&nbsp;you will soon have certainty: Have a&nbsp;<strong>test kit sent to you, take a stool sample, send it to the laboratory&nbsp;<\/strong>from&nbsp;<strong>BIOMES<\/strong>&nbsp;and be patient for a while. After about two weeks you will receive a detailed evaluation of the condition of your intestinal flora.<\/p>\n\n\n\n<p>The scientists of&nbsp;<strong>BIOMES<\/strong>&nbsp;will not only explain what is going on in your intestine and what might be missing, but will also give you concrete tips.<\/p>\n\n\n\n<p>Analyze your intestinal flora.<\/p>\n\n\n\n<p>Find out what your body needs.<\/p>\n\n\n<div\n    id=\"hero-teaser-block_2cebe10e8c996dfdca41065af151f71a\"\n    class=\"hero-teaser site-block\"\n>\n    <div class=\"hero-teaser__media\">\n        <img decoding=\"async\"\n            src=\"http:\/\/www.biomes.world\/wp-content\/uploads\/2019\/12\/Darmflora_Immunsystem_aus_dem_Bauch_heraus-1600x650.jpg\"\n            alt=\"\"\n            srcset=\"http:\/\/www.biomes.world\/wp-content\/uploads\/2019\/12\/Darmflora_Immunsystem_aus_dem_Bauch_heraus-300x169.jpg 300w, http:\/\/www.biomes.world\/wp-content\/uploads\/2019\/12\/Darmflora_Immunsystem_aus_dem_Bauch_heraus-1024x576.jpg 1024w, http:\/\/www.biomes.world\/wp-content\/uploads\/2019\/12\/Darmflora_Immunsystem_aus_dem_Bauch_heraus-768x432.jpg 768w, http:\/\/www.biomes.world\/wp-content\/uploads\/2019\/12\/Darmflora_Immunsystem_aus_dem_Bauch_heraus-1536x864.jpg 1536w, http:\/\/www.biomes.world\/wp-content\/uploads\/2019\/12\/Darmflora_Immunsystem_aus_dem_Bauch_heraus-250x141.jpg 250w, http:\/\/www.biomes.world\/wp-content\/uploads\/2019\/12\/Darmflora_Immunsystem_aus_dem_Bauch_heraus.jpg 1620w\"\n            sizes=\"(max-width: 30em) 100vw, (max-width: 48em) 100vw, (max-width: 62em) 100vw, (max-width: 75em) 100vw, 1400px\t\"\n        >\n    <\/div>\n    <div class=\"hero-teaser__header\">\n        <div class=\"hero-teaser__col column\">\n            <h2 class=\"hero-teaser__title\">\n                <span>More information about INTEST.pro<\/span>\n                The BIOMES intestinal test<br \/>\r\n            <\/h2>\n            \n\n<p>How do we analyse your intestinal flora? What exactly does the test include? Where can you buy <strong>INTEST.<\/strong>pro?<br>And how do we protect your data?<\/p>\n\n\n\n<div class=\"wp-block-buttons is-layout-flex wp-block-buttons-is-layout-flex\">\n<div class=\"wp-block-button\"><a class=\"wp-block-button__link wp-element-button\" href=\"https:\/\/shop.biomes.world\/\" target=\"_blank\" rel=\"noreferrer noopener\">Detailed information<\/a><\/div>\n<\/div>\n\n        <\/div>\n    <\/div>\n<\/div>\n\n\n\n<p><\/p>\n","protected":false},"excerpt":{"rendered":"<p>Can you lose weight with probiotics? The fact that probiotics are good for our body is already revealed by their name: &#8220;Pro&#8221; is Latin and means&nbsp;&#8220;for&#8221;, and the ancient Greek word &#8220;bios&#8221; means&nbsp;&#8220;life&#8221;. Small microorganisms, bacteria and fungi, such as those contained in probiotics, are essential to the human body. The totality of all&nbsp;microorganisms in [&#8230;]<\/p>\n","protected":false},"author":1572,"featured_media":0,"parent":0,"menu_order":0,"comment_status":"closed","ping_status":"closed","template":"","meta":{"_acf_changed":false,"footnotes":""},"class_list":["post-270968","page","type-page","status-publish","hentry"],"acf":[],"yoast_head":"<!-- This site is optimized with the Yoast SEO plugin v27.5 - https:\/\/yoast.com\/product\/yoast-seo-wordpress\/ -->\n<title>Probiotics for weight loss - does it work? | BIOMES<\/title>\n<meta name=\"description\" content=\"K\u00f6nnen Probiotika eine Di\u00e4t unterst\u00fctzen? Was genau sind die kleinen lebenden Mikroorganismen eigentlich? BIOMES verschafft einen \u00dcberblick.\" \/>\n<meta name=\"robots\" content=\"index, follow, max-snippet:-1, max-image-preview:large, max-video-preview:-1\" \/>\n<link rel=\"canonical\" href=\"http:\/\/www.biomes.world\/en\/interesting-facts\/weight-reduction\/with-probiotics\/\" \/>\n<meta property=\"og:locale\" content=\"en_US\" \/>\n<meta property=\"og:type\" content=\"article\" \/>\n<meta property=\"og:title\" content=\"Probiotics for weight loss - does it work? | BIOMES\" \/>\n<meta property=\"og:description\" content=\"K\u00f6nnen Probiotika eine Di\u00e4t unterst\u00fctzen? Was genau sind die kleinen lebenden Mikroorganismen eigentlich? BIOMES verschafft einen \u00dcberblick.\" \/>\n<meta property=\"og:url\" content=\"http:\/\/www.biomes.world\/en\/interesting-facts\/weight-reduction\/with-probiotics\/\" \/>\n<meta property=\"og:site_name\" content=\"BIOMES - Feel better\" \/>\n<meta property=\"article:publisher\" content=\"https:\/\/de-de.facebook.com\/BIOMES.world\/\" \/>\n<meta property=\"article:modified_time\" content=\"2023-03-09T12:59:50+00:00\" \/>\n<meta name=\"twitter:card\" content=\"summary_large_image\" \/>\n<meta name=\"twitter:label1\" content=\"Est. reading time\" \/>\n\t<meta name=\"twitter:data1\" content=\"5 minutes\" \/>\n<script type=\"application\/ld+json\" class=\"yoast-schema-graph\">{\"@context\":\"https:\\\/\\\/schema.org\",\"@graph\":[{\"@type\":\"WebPage\",\"@id\":\"http:\\\/\\\/www.biomes.world\\\/en\\\/interesting-facts\\\/weight-reduction\\\/with-probiotics\\\/\",\"url\":\"http:\\\/\\\/www.biomes.world\\\/en\\\/interesting-facts\\\/weight-reduction\\\/with-probiotics\\\/\",\"name\":\"Probiotics for weight loss - does it work? | BIOMES\",\"isPartOf\":{\"@id\":\"https:\\\/\\\/biomes.world\\\/de\\\/#website\"},\"datePublished\":\"2019-10-23T17:26:22+00:00\",\"dateModified\":\"2023-03-09T12:59:50+00:00\",\"description\":\"K\u00f6nnen Probiotika eine Di\u00e4t unterst\u00fctzen? Was genau sind die kleinen lebenden Mikroorganismen eigentlich? BIOMES verschafft einen \u00dcberblick.\",\"breadcrumb\":{\"@id\":\"http:\\\/\\\/www.biomes.world\\\/en\\\/interesting-facts\\\/weight-reduction\\\/with-probiotics\\\/#breadcrumb\"},\"inLanguage\":\"en-US\",\"potentialAction\":[{\"@type\":\"ReadAction\",\"target\":[\"http:\\\/\\\/www.biomes.world\\\/en\\\/interesting-facts\\\/weight-reduction\\\/with-probiotics\\\/\"]}]},{\"@type\":\"BreadcrumbList\",\"@id\":\"http:\\\/\\\/www.biomes.world\\\/en\\\/interesting-facts\\\/weight-reduction\\\/with-probiotics\\\/#breadcrumb\",\"itemListElement\":[{\"@type\":\"ListItem\",\"position\":1,\"name\":\"Home\",\"item\":\"https:\\\/\\\/biomes.world\\\/en\\\/\"},{\"@type\":\"ListItem\",\"position\":2,\"name\":\"Losing weight with probiotics\"}]},{\"@type\":\"WebSite\",\"@id\":\"https:\\\/\\\/biomes.world\\\/de\\\/#website\",\"url\":\"https:\\\/\\\/biomes.world\\\/de\\\/\",\"name\":\"BIOMES - Feel better\",\"description\":\"Cutting-edge biotechnology used to help people\",\"publisher\":{\"@id\":\"https:\\\/\\\/biomes.world\\\/de\\\/#organization\"},\"potentialAction\":[{\"@type\":\"SearchAction\",\"target\":{\"@type\":\"EntryPoint\",\"urlTemplate\":\"https:\\\/\\\/biomes.world\\\/de\\\/?s={search_term_string}\"},\"query-input\":{\"@type\":\"PropertyValueSpecification\",\"valueRequired\":true,\"valueName\":\"search_term_string\"}}],\"inLanguage\":\"en-US\"},{\"@type\":\"Organization\",\"@id\":\"https:\\\/\\\/biomes.world\\\/de\\\/#organization\",\"name\":\"BIOMES 4.0 GmbH\",\"url\":\"https:\\\/\\\/biomes.world\\\/de\\\/\",\"logo\":{\"@type\":\"ImageObject\",\"inLanguage\":\"en-US\",\"@id\":\"https:\\\/\\\/biomes.world\\\/de\\\/#\\\/schema\\\/logo\\\/image\\\/\",\"url\":\"https:\\\/\\\/biomes.world\\\/http:\\\/\\\/biomes.world\\\/wp-content\\\/uploads\\\/2024\\\/04\\\/biomes_logo_2021_RGB.png\",\"contentUrl\":\"https:\\\/\\\/biomes.world\\\/http:\\\/\\\/biomes.world\\\/wp-content\\\/uploads\\\/2024\\\/04\\\/biomes_logo_2021_RGB.png\",\"width\":10040,\"height\":2599,\"caption\":\"BIOMES 4.0 GmbH\"},\"image\":{\"@id\":\"https:\\\/\\\/biomes.world\\\/de\\\/#\\\/schema\\\/logo\\\/image\\\/\"},\"sameAs\":[\"https:\\\/\\\/de-de.facebook.com\\\/BIOMES.world\\\/\",\"https:\\\/\\\/www.youtube.com\\\/@BIOMESworld\",\"https:\\\/\\\/www.instagram.com\\\/biomes_official\\\/\"]}]}<\/script>\n<!-- \/ Yoast SEO plugin. -->","yoast_head_json":{"title":"Probiotics for weight loss - does it work? | BIOMES","description":"K\u00f6nnen Probiotika eine Di\u00e4t unterst\u00fctzen? Was genau sind die kleinen lebenden Mikroorganismen eigentlich? BIOMES verschafft einen \u00dcberblick.","robots":{"index":"index","follow":"follow","max-snippet":"max-snippet:-1","max-image-preview":"max-image-preview:large","max-video-preview":"max-video-preview:-1"},"canonical":"http:\/\/www.biomes.world\/en\/interesting-facts\/weight-reduction\/with-probiotics\/","og_locale":"en_US","og_type":"article","og_title":"Probiotics for weight loss - does it work? | BIOMES","og_description":"K\u00f6nnen Probiotika eine Di\u00e4t unterst\u00fctzen? Was genau sind die kleinen lebenden Mikroorganismen eigentlich? BIOMES verschafft einen \u00dcberblick.","og_url":"http:\/\/www.biomes.world\/en\/interesting-facts\/weight-reduction\/with-probiotics\/","og_site_name":"BIOMES - Feel better","article_publisher":"https:\/\/de-de.facebook.com\/BIOMES.world\/","article_modified_time":"2023-03-09T12:59:50+00:00","twitter_card":"summary_large_image","twitter_misc":{"Est. reading time":"5 minutes"},"schema":{"@context":"https:\/\/schema.org","@graph":[{"@type":"WebPage","@id":"http:\/\/www.biomes.world\/en\/interesting-facts\/weight-reduction\/with-probiotics\/","url":"http:\/\/www.biomes.world\/en\/interesting-facts\/weight-reduction\/with-probiotics\/","name":"Probiotics for weight loss - does it work? | BIOMES","isPartOf":{"@id":"https:\/\/biomes.world\/de\/#website"},"datePublished":"2019-10-23T17:26:22+00:00","dateModified":"2023-03-09T12:59:50+00:00","description":"K\u00f6nnen Probiotika eine Di\u00e4t unterst\u00fctzen? Was genau sind die kleinen lebenden Mikroorganismen eigentlich? BIOMES verschafft einen \u00dcberblick.","breadcrumb":{"@id":"http:\/\/www.biomes.world\/en\/interesting-facts\/weight-reduction\/with-probiotics\/#breadcrumb"},"inLanguage":"en-US","potentialAction":[{"@type":"ReadAction","target":["http:\/\/www.biomes.world\/en\/interesting-facts\/weight-reduction\/with-probiotics\/"]}]},{"@type":"BreadcrumbList","@id":"http:\/\/www.biomes.world\/en\/interesting-facts\/weight-reduction\/with-probiotics\/#breadcrumb","itemListElement":[{"@type":"ListItem","position":1,"name":"Home","item":"https:\/\/biomes.world\/en\/"},{"@type":"ListItem","position":2,"name":"Losing weight with probiotics"}]},{"@type":"WebSite","@id":"https:\/\/biomes.world\/de\/#website","url":"https:\/\/biomes.world\/de\/","name":"BIOMES - Feel better","description":"Cutting-edge biotechnology used to help people","publisher":{"@id":"https:\/\/biomes.world\/de\/#organization"},"potentialAction":[{"@type":"SearchAction","target":{"@type":"EntryPoint","urlTemplate":"https:\/\/biomes.world\/de\/?s={search_term_string}"},"query-input":{"@type":"PropertyValueSpecification","valueRequired":true,"valueName":"search_term_string"}}],"inLanguage":"en-US"},{"@type":"Organization","@id":"https:\/\/biomes.world\/de\/#organization","name":"BIOMES 4.0 GmbH","url":"https:\/\/biomes.world\/de\/","logo":{"@type":"ImageObject","inLanguage":"en-US","@id":"https:\/\/biomes.world\/de\/#\/schema\/logo\/image\/","url":"https:\/\/biomes.world\/http:\/\/biomes.world\/wp-content\/uploads\/2024\/04\/biomes_logo_2021_RGB.png","contentUrl":"https:\/\/biomes.world\/http:\/\/biomes.world\/wp-content\/uploads\/2024\/04\/biomes_logo_2021_RGB.png","width":10040,"height":2599,"caption":"BIOMES 4.0 GmbH"},"image":{"@id":"https:\/\/biomes.world\/de\/#\/schema\/logo\/image\/"},"sameAs":["https:\/\/de-de.facebook.com\/BIOMES.world\/","https:\/\/www.youtube.com\/@BIOMESworld","https:\/\/www.instagram.com\/biomes_official\/"]}]}},"_links":{"self":[{"href":"http:\/\/www.biomes.world\/en\/wp-json\/wp\/v2\/pages\/270968","targetHints":{"allow":["GET"]}}],"collection":[{"href":"http:\/\/www.biomes.world\/en\/wp-json\/wp\/v2\/pages"}],"about":[{"href":"http:\/\/www.biomes.world\/en\/wp-json\/wp\/v2\/types\/page"}],"author":[{"embeddable":true,"href":"http:\/\/www.biomes.world\/en\/wp-json\/wp\/v2\/users\/1572"}],"replies":[{"embeddable":true,"href":"http:\/\/www.biomes.world\/en\/wp-json\/wp\/v2\/comments?post=270968"}],"version-history":[{"count":0,"href":"http:\/\/www.biomes.world\/en\/wp-json\/wp\/v2\/pages\/270968\/revisions"}],"wp:attachment":[{"href":"http:\/\/www.biomes.world\/en\/wp-json\/wp\/v2\/media?parent=270968"}],"curies":[{"name":"wp","href":"https:\/\/api.w.org\/{rel}","templated":true}]}}