{"id":598538,"date":"2022-10-30T12:18:34","date_gmt":"2022-10-30T11:18:34","guid":{"rendered":"http:\/\/biomes.world\/?page_id=598538"},"modified":"2023-03-09T14:22:59","modified_gmt":"2023-03-09T13:22:59","slug":"teilnahmebedingungen-gewinnspiel","status":"publish","type":"page","link":"http:\/\/www.biomes.world\/de\/teilnahmebedingungen-gewinnspiel\/","title":{"rendered":"Teilnahmebedingungen Gewinnspiel"},"content":{"rendered":"\n<h1 class=\"wp-block-heading\" id=\"h-teilnahmebedingungen-zum-gewinnspiel-lebensmittel-der-woche-challenge-der-biomes-ngs-gmbh\">TEILNAHMEBEDINGUNGEN ZUM GEWINNSPIEL &#8222;Lebensmittel der Woche Challenge&#8220; DER&nbsp;<strong>BIOMES 4.0 GmbH<\/strong><\/h1>\n\n\n\n<p>Diese Teilnahmebedingungen beziehen sich auf das Gewinnspiel der <strong>BIOMES 4.0 GmbH<\/strong>,&nbsp;<strong>Schwarskopfstr. 1 in 15745 Wildau<\/strong>&nbsp;(nachfolgend \u201eVeranstalter\u201c genannt). Die Teilnahme am Gewinnspiel richtet sich ausschlie\u00dflich nach diesen Teilnahmebedingungen. Das Gewinnspiel steht in keinerlei Verbindung zu&nbsp;Instagram&nbsp;und wird in keiner Weise von&nbsp;Instagram&nbsp;organisiert oder unterst\u00fctzt.<\/p>\n\n\n\n<p><strong>1) Dauer des Gewinnspiels<\/strong><\/p>\n\n\n\n<p>Die Dauer des Gewinnspiels erstreckt sich vom&nbsp;30.11.2022 um 20Uhr&nbsp;bis zum&nbsp;21.12.2022 um 20Uhr. Innerhalb dieses Zeitraums erhalten Nutzer:innen online die M\u00f6glichkeit, am Gewinnspiel teilzunehmen.<\/p>\n\n\n\n<p><strong>2) Ablauf des Gewinnspiels<\/strong><\/p>\n\n\n\n<p>Die Teilnahme erfolgt \u00fcber<\/p>\n\n\n\n<ul class=\"wp-block-list\">\n<li>das Posten einer Story, eines Reels oder eines Beitrags mit einem Rezept zum Lebensmittel der Woche sowie<\/li>\n\n\n\n<li>das Markieren von @biomes_offical und <\/li>\n\n\n\n<li>das Benutzen der Hashtags #BIOMESChallenge #LdWChallenge<\/li>\n<\/ul>\n\n\n\n<p>und die Zustimmung zu diesen Teilnahmebedingungen. Die Teilnahme ist nur innerhalb des Teilnahmezeitraums m\u00f6glich. Nach Teilnahmeschluss eingehende Einsendungen werden bei der Auslosung nicht ber\u00fccksichtigt.<\/p>\n\n\n\n<p>Pro Teilnehmer:in nimmt nur eine \u00fcbermittelte Anmeldung am Gewinnspiel teil. Es ist strengstens untersagt, mehrere Konten zur Erh\u00f6hung der Gewinnchancen zu verwenden.<\/p>\n\n\n\n<p>Die Teilnahme am Gewinnspiel ist kostenlos.<\/p>\n\n\n\n<p><strong>3) Teilnahmeberechtigte<\/strong><\/p>\n\n\n\n<p>Teilnahmeberechtigt sind nat\u00fcrliche Personen, die Ihren Wohnsitz in Deutschland und das 18. Lebensjahr vollendet haben. Die Teilnahme ist nicht auf Kund:innen des Veranstalters beschr\u00e4nkt und nicht vom Erwerb einer Ware oder Dienstleistung abh\u00e4ngig.<\/p>\n\n\n\n<p>Sollten Teilnehmer:in in seiner Gesch\u00e4ftsf\u00e4higkeit eingeschr\u00e4nkt sein, bedarf es der Einwilligung seines gesetzlichen Vertreters.<\/p>\n\n\n\n<p>Nicht teilnahmeberechtigt am Gewinnspiel sind alle an der Konzeption und Umsetzung des Gewinnspiels beteiligte Personen und Mitarbeiter des Veranstalters sowie ihre Familienmitglieder. Zudem beh\u00e4lt sich der Veranstalter vor, nach eigenem Ermessen Personen von der Teilnahme auszuschlie\u00dfen, wenn berechtigte Gr\u00fcnde vorliegen, beispielsweise:<\/p>\n\n\n\n<p><strong>(a)<\/strong>&nbsp;bei Manipulationen im Zusammenhang mit Zugang zum oder Durchf\u00fchrung des Gewinnspiels,&nbsp;<strong>(b)<\/strong>&nbsp;bei Verst\u00f6\u00dfen gegen diese Teilnahmebedingungen,&nbsp;<strong>(c)<\/strong>&nbsp;bei unlauterem Handeln oder&nbsp;<strong>(d)<\/strong>&nbsp;bei falschen oder irref\u00fchrenden Angaben im Zusammenhang mit der Teilnahme an dem Gewinnspiel.<\/p>\n\n\n\n<p><strong>4) Gewinn, Benachrichtigung und \u00dcbermittlung des Gewinns<\/strong><\/p>\n\n\n\n<p>Das Gewinnspiel umfasst&nbsp;4 Gewinner, die jeweils das Buch &#8222;Der Darmkompass&#8220; von Dr. Paul Hammer&nbsp;im Wert von 19,90\u20ac gewinnen.<\/p>\n\n\n\n<p>Die Ermittlung der Gewinner:innen erfolgt nach Teilnahmeschluss im Rahmen einer auf dem Zufallsprinzip beruhenden Verlosung unter allen Teilnehmern.<\/p>\n\n\n\n<p>Die Gewinner:in werden zeitnah \u00fcber private Nachricht und\/oder E-Mail informiert. Jede Gewinner:in muss sich innerhalb von 1 Woche per E-Mail bei&nbsp;<a href=\"mailto:kundenservice@biomes.world\">kundenservice@biomes.world<\/a>&nbsp;melden. Meldet sich ein\/eine Gewinner:in nicht innerhalb dieser Frist, kann der Gewinn vom Veranstalter auf andere Teilnehmer:in \u00fcbertragen werden.<\/p>\n\n\n\n<p>Die Aush\u00e4ndigung des Gewinns erfolgt in per&nbsp;Paketversand&nbsp;auf Kosten des Veranstalters ausschlie\u00dflich an die\/ den Gewinner:in oder an den gesetzlichen Vertreter des Gewinners. Ein Umtausch, eine Selbstabholung sowie eine Barauszahlung des Gewinns sind nicht m\u00f6glich.<\/p>\n\n\n\n<p>Die mit der Inanspruchnahme des Gewinns in Zusammenhang stehende Kosten (Anreise etc.) gehen zu Lasten des Gewinners.<\/p>\n\n\n\n<p><strong>5) Vorzeitige Beendigung des Gewinnspiels<\/strong><\/p>\n\n\n\n<p>Der Veranstalter beh\u00e4lt sich vor, das Gewinnspiel zu jedem Zeitpunkt ohne Vorank\u00fcndigung und ohne Angabe von Gr\u00fcnden abzubrechen oder zu beenden. Von dieser M\u00f6glichkeit macht der Veranstalter insbesondere dann Gebrauch, wenn aus technischen Gr\u00fcnden (z. B. Viren im Computersystem, Manipulation oder Fehler in der Hard- und\/ oder Software) oder aus rechtlichen Gr\u00fcnden eine ordnungsgem\u00e4\u00dfe Durchf\u00fchrung des Gewinnspiels nicht gew\u00e4hrleistet werden kann. Sofern eine derartige Beendigung durch das Verhalten eines Teilnehmers verursacht wird, kann der Veranstalter von dieser Person den entstandenen Schaden zur\u00fcck verlangen.<\/p>\n\n\n\n<p><strong>6) Datenschutz<\/strong><\/p>\n\n\n\n<p>F\u00fcr die Teilnahme am Gewinnspiel ist die Angabe von pers\u00f6nlichen Daten notwendig. Die Teilnehmer:in versichert, dass die von ihm gemachten Angaben zur Person, insbesondere Vor-, Nachname, Anschrift und E Mail Adresse wahrheitsgem\u00e4\u00df und richtig sind.<\/p>\n\n\n\n<p>Der Veranstalter weist darauf hin, dass s\u00e4mtliche personenbezogenen Daten des Teilnehmers weder an Dritte weitergegeben noch diesen zur Nutzung \u00fcberlassen werden.<\/p>\n\n\n\n<p>Es werden alle E-Mail-Adressen und die freiwillig angegebenen Daten der Teilnehmer:in erfasst und ausschlie\u00dflich zur Gewinnermittlung gespeichert. Alle Daten werden sp\u00e4testens 30 Tage nach Ende des Gewinnspiels gel\u00f6scht. Den Teilnehmern stehen die gesetzlichen Auskunfts-, \u00c4nderungs- und Widerrufsrechte zu. Weitere Informationen zu unseren Datenschutzregelungen finden Sie <a href=\"http:\/\/biomes.world\/de\/rechtliches\/datenschutz\/\">hier<\/a>.<\/p>\n\n\n\n<p><strong>7) Widerruf<\/strong><\/p>\n\n\n\n<p>Es steht den Teilnehmer:innen jederzeit frei, per Widerruf unter&nbsp;<a href=\"mailto:kundenservice@biomes.world\">kundenservice@biomes.world<\/a>&nbsp;die L\u00f6schung seiner Registrierungsdaten zu bewirken und somit von der Teilnahme zur\u00fcckzutreten.<\/p>\n\n\n\n<p><strong>8) Haftung<\/strong><\/p>\n\n\n\n<p>Anspr\u00fcche wegen m\u00f6glicher Sach- und\/ oder Rechtsm\u00e4ngel an den von den Preissponsoren gestifteten Gewinnen sind ausschlie\u00dflich diesem gegen\u00fcber geltend zu machen.<\/p>\n\n\n\n<p>Der Veranstalter haftet nicht f\u00fcr die Insolvenz eines Preissponsors sowie die sich hieraus f\u00fcr die Durchf\u00fchrung des Gewinnspiels ergebenden Folgen.<\/p>\n\n\n\n<p><strong>9) Kontakt, Anwendbares Recht<\/strong><\/p>\n\n\n\n<p>Das Gewinnspiel wird von der <strong>BIOMES<\/strong> durchgef\u00fchrt. Bei R\u00fcckfragen oder Beanstandungen wenden Sie sich an <a href=\"mailto:kundenservice@biomes.world\">kundenservice@biomes.world<\/a>&nbsp;oder&nbsp;&nbsp;+ 49 (0) 3375 585 62 40.<\/p>\n\n\n\n<p>Das Gewinnspiel des Veranstalters unterliegt ausschlie\u00dflich dem Recht der Bundesrepublik Deutschland. Der Rechtsweg ist ausgeschlossen.<\/p>\n\n\n\n<p><strong>10) Salvatorische Klausel<\/strong><\/p>\n\n\n\n<p>Sollte eine Bestimmung dieser Teilnahmebedingungen ganz oder teilweise unwirksam sein oder werden, so wird dadurch die G\u00fcltigkeit dieser Teilnahmebedingungen im \u00dcbrigen nicht ber\u00fchrt.<\/p>\n\n\n\n<p>Viel Gl\u00fcck und Erfolg w\u00fcnscht das Team von&nbsp;<strong>BIOMES<\/strong>!<\/p>\n","protected":false},"excerpt":{"rendered":"<p>TEILNAHMEBEDINGUNGEN ZUM GEWINNSPIEL &#8222;Lebensmittel der Woche Challenge&#8220; DER&nbsp;BIOMES 4.0 GmbH Diese Teilnahmebedingungen beziehen sich auf das Gewinnspiel der BIOMES 4.0 GmbH,&nbsp;Schwarskopfstr. 1 in 15745 Wildau&nbsp;(nachfolgend \u201eVeranstalter\u201c genannt). Die Teilnahme am Gewinnspiel richtet sich ausschlie\u00dflich nach diesen Teilnahmebedingungen. Das Gewinnspiel steht in keinerlei Verbindung zu&nbsp;Instagram&nbsp;und wird in keiner Weise von&nbsp;Instagram&nbsp;organisiert oder unterst\u00fctzt. 1) Dauer des Gewinnspiels [&#8230;]<\/p>\n","protected":false},"author":3168,"featured_media":0,"parent":0,"menu_order":0,"comment_status":"closed","ping_status":"closed","template":"","meta":{"_acf_changed":false,"footnotes":""},"class_list":["post-598538","page","type-page","status-publish","hentry"],"acf":[],"yoast_head":"<!-- This site is optimized with the Yoast SEO plugin v27.5 - https:\/\/yoast.com\/product\/yoast-seo-wordpress\/ -->\n<title>Teilnahmebedingungen Gewinnspiel - BIOMES - Feel better<\/title>\n<meta name=\"robots\" content=\"index, follow, max-snippet:-1, max-image-preview:large, max-video-preview:-1\" \/>\n<link rel=\"canonical\" href=\"http:\/\/www.biomes.world\/de\/teilnahmebedingungen-gewinnspiel\/\" \/>\n<meta property=\"og:locale\" content=\"de_DE\" \/>\n<meta property=\"og:type\" content=\"article\" \/>\n<meta property=\"og:title\" content=\"Teilnahmebedingungen Gewinnspiel - BIOMES - Feel better\" \/>\n<meta property=\"og:description\" content=\"TEILNAHMEBEDINGUNGEN ZUM GEWINNSPIEL &#8222;Lebensmittel der Woche Challenge&#8220; DER&nbsp;BIOMES 4.0 GmbH Diese Teilnahmebedingungen beziehen sich auf das Gewinnspiel der BIOMES 4.0 GmbH,&nbsp;Schwarskopfstr. 1 in 15745 Wildau&nbsp;(nachfolgend \u201eVeranstalter\u201c genannt). Die Teilnahme am Gewinnspiel richtet sich ausschlie\u00dflich nach diesen Teilnahmebedingungen. Das Gewinnspiel steht in keinerlei Verbindung zu&nbsp;Instagram&nbsp;und wird in keiner Weise von&nbsp;Instagram&nbsp;organisiert oder unterst\u00fctzt. 1) Dauer des Gewinnspiels [...]\" \/>\n<meta property=\"og:url\" content=\"http:\/\/www.biomes.world\/de\/teilnahmebedingungen-gewinnspiel\/\" \/>\n<meta property=\"og:site_name\" content=\"BIOMES - Feel better\" \/>\n<meta property=\"article:publisher\" content=\"https:\/\/de-de.facebook.com\/BIOMES.world\/\" \/>\n<meta property=\"article:modified_time\" content=\"2023-03-09T13:22:59+00:00\" \/>\n<meta name=\"twitter:card\" content=\"summary_large_image\" \/>\n<meta name=\"twitter:label1\" content=\"Gesch\u00e4tzte Lesezeit\" \/>\n\t<meta name=\"twitter:data1\" content=\"5\u00a0Minuten\" \/>\n<script type=\"application\/ld+json\" class=\"yoast-schema-graph\">{\"@context\":\"https:\\\/\\\/schema.org\",\"@graph\":[{\"@type\":\"WebPage\",\"@id\":\"http:\\\/\\\/www.biomes.world\\\/de\\\/teilnahmebedingungen-gewinnspiel\\\/\",\"url\":\"http:\\\/\\\/www.biomes.world\\\/de\\\/teilnahmebedingungen-gewinnspiel\\\/\",\"name\":\"Teilnahmebedingungen Gewinnspiel - BIOMES - Feel better\",\"isPartOf\":{\"@id\":\"https:\\\/\\\/biomes.world\\\/de\\\/#website\"},\"datePublished\":\"2022-10-30T11:18:34+00:00\",\"dateModified\":\"2023-03-09T13:22:59+00:00\",\"breadcrumb\":{\"@id\":\"http:\\\/\\\/www.biomes.world\\\/de\\\/teilnahmebedingungen-gewinnspiel\\\/#breadcrumb\"},\"inLanguage\":\"de\",\"potentialAction\":[{\"@type\":\"ReadAction\",\"target\":[\"http:\\\/\\\/www.biomes.world\\\/de\\\/teilnahmebedingungen-gewinnspiel\\\/\"]}]},{\"@type\":\"BreadcrumbList\",\"@id\":\"http:\\\/\\\/www.biomes.world\\\/de\\\/teilnahmebedingungen-gewinnspiel\\\/#breadcrumb\",\"itemListElement\":[{\"@type\":\"ListItem\",\"position\":1,\"name\":\"Home\",\"item\":\"https:\\\/\\\/biomes.world\\\/de\\\/\"},{\"@type\":\"ListItem\",\"position\":2,\"name\":\"Teilnahmebedingungen Gewinnspiel\"}]},{\"@type\":\"WebSite\",\"@id\":\"https:\\\/\\\/biomes.world\\\/de\\\/#website\",\"url\":\"https:\\\/\\\/biomes.world\\\/de\\\/\",\"name\":\"BIOMES - Feel better\",\"description\":\"Cutting-edge biotechnology used to help people\",\"publisher\":{\"@id\":\"https:\\\/\\\/biomes.world\\\/de\\\/#organization\"},\"potentialAction\":[{\"@type\":\"SearchAction\",\"target\":{\"@type\":\"EntryPoint\",\"urlTemplate\":\"https:\\\/\\\/biomes.world\\\/de\\\/?s={search_term_string}\"},\"query-input\":{\"@type\":\"PropertyValueSpecification\",\"valueRequired\":true,\"valueName\":\"search_term_string\"}}],\"inLanguage\":\"de\"},{\"@type\":\"Organization\",\"@id\":\"https:\\\/\\\/biomes.world\\\/de\\\/#organization\",\"name\":\"BIOMES 4.0 GmbH\",\"url\":\"https:\\\/\\\/biomes.world\\\/de\\\/\",\"logo\":{\"@type\":\"ImageObject\",\"inLanguage\":\"de\",\"@id\":\"https:\\\/\\\/biomes.world\\\/de\\\/#\\\/schema\\\/logo\\\/image\\\/\",\"url\":\"https:\\\/\\\/biomes.world\\\/http:\\\/\\\/biomes.world\\\/wp-content\\\/uploads\\\/2024\\\/04\\\/biomes_logo_2021_RGB.png\",\"contentUrl\":\"https:\\\/\\\/biomes.world\\\/http:\\\/\\\/biomes.world\\\/wp-content\\\/uploads\\\/2024\\\/04\\\/biomes_logo_2021_RGB.png\",\"width\":10040,\"height\":2599,\"caption\":\"BIOMES 4.0 GmbH\"},\"image\":{\"@id\":\"https:\\\/\\\/biomes.world\\\/de\\\/#\\\/schema\\\/logo\\\/image\\\/\"},\"sameAs\":[\"https:\\\/\\\/de-de.facebook.com\\\/BIOMES.world\\\/\",\"https:\\\/\\\/www.youtube.com\\\/@BIOMESworld\",\"https:\\\/\\\/www.instagram.com\\\/biomes_official\\\/\"]}]}<\/script>\n<!-- \/ Yoast SEO plugin. -->","yoast_head_json":{"title":"Teilnahmebedingungen Gewinnspiel - BIOMES - Feel better","robots":{"index":"index","follow":"follow","max-snippet":"max-snippet:-1","max-image-preview":"max-image-preview:large","max-video-preview":"max-video-preview:-1"},"canonical":"http:\/\/www.biomes.world\/de\/teilnahmebedingungen-gewinnspiel\/","og_locale":"de_DE","og_type":"article","og_title":"Teilnahmebedingungen Gewinnspiel - BIOMES - Feel better","og_description":"TEILNAHMEBEDINGUNGEN ZUM GEWINNSPIEL &#8222;Lebensmittel der Woche Challenge&#8220; DER&nbsp;BIOMES 4.0 GmbH Diese Teilnahmebedingungen beziehen sich auf das Gewinnspiel der BIOMES 4.0 GmbH,&nbsp;Schwarskopfstr. 1 in 15745 Wildau&nbsp;(nachfolgend \u201eVeranstalter\u201c genannt). Die Teilnahme am Gewinnspiel richtet sich ausschlie\u00dflich nach diesen Teilnahmebedingungen. Das Gewinnspiel steht in keinerlei Verbindung zu&nbsp;Instagram&nbsp;und wird in keiner Weise von&nbsp;Instagram&nbsp;organisiert oder unterst\u00fctzt. 1) Dauer des Gewinnspiels [...]","og_url":"http:\/\/www.biomes.world\/de\/teilnahmebedingungen-gewinnspiel\/","og_site_name":"BIOMES - Feel better","article_publisher":"https:\/\/de-de.facebook.com\/BIOMES.world\/","article_modified_time":"2023-03-09T13:22:59+00:00","twitter_card":"summary_large_image","twitter_misc":{"Gesch\u00e4tzte Lesezeit":"5\u00a0Minuten"},"schema":{"@context":"https:\/\/schema.org","@graph":[{"@type":"WebPage","@id":"http:\/\/www.biomes.world\/de\/teilnahmebedingungen-gewinnspiel\/","url":"http:\/\/www.biomes.world\/de\/teilnahmebedingungen-gewinnspiel\/","name":"Teilnahmebedingungen Gewinnspiel - BIOMES - Feel better","isPartOf":{"@id":"https:\/\/biomes.world\/de\/#website"},"datePublished":"2022-10-30T11:18:34+00:00","dateModified":"2023-03-09T13:22:59+00:00","breadcrumb":{"@id":"http:\/\/www.biomes.world\/de\/teilnahmebedingungen-gewinnspiel\/#breadcrumb"},"inLanguage":"de","potentialAction":[{"@type":"ReadAction","target":["http:\/\/www.biomes.world\/de\/teilnahmebedingungen-gewinnspiel\/"]}]},{"@type":"BreadcrumbList","@id":"http:\/\/www.biomes.world\/de\/teilnahmebedingungen-gewinnspiel\/#breadcrumb","itemListElement":[{"@type":"ListItem","position":1,"name":"Home","item":"https:\/\/biomes.world\/de\/"},{"@type":"ListItem","position":2,"name":"Teilnahmebedingungen Gewinnspiel"}]},{"@type":"WebSite","@id":"https:\/\/biomes.world\/de\/#website","url":"https:\/\/biomes.world\/de\/","name":"BIOMES - Feel better","description":"Cutting-edge biotechnology used to help people","publisher":{"@id":"https:\/\/biomes.world\/de\/#organization"},"potentialAction":[{"@type":"SearchAction","target":{"@type":"EntryPoint","urlTemplate":"https:\/\/biomes.world\/de\/?s={search_term_string}"},"query-input":{"@type":"PropertyValueSpecification","valueRequired":true,"valueName":"search_term_string"}}],"inLanguage":"de"},{"@type":"Organization","@id":"https:\/\/biomes.world\/de\/#organization","name":"BIOMES 4.0 GmbH","url":"https:\/\/biomes.world\/de\/","logo":{"@type":"ImageObject","inLanguage":"de","@id":"https:\/\/biomes.world\/de\/#\/schema\/logo\/image\/","url":"https:\/\/biomes.world\/http:\/\/biomes.world\/wp-content\/uploads\/2024\/04\/biomes_logo_2021_RGB.png","contentUrl":"https:\/\/biomes.world\/http:\/\/biomes.world\/wp-content\/uploads\/2024\/04\/biomes_logo_2021_RGB.png","width":10040,"height":2599,"caption":"BIOMES 4.0 GmbH"},"image":{"@id":"https:\/\/biomes.world\/de\/#\/schema\/logo\/image\/"},"sameAs":["https:\/\/de-de.facebook.com\/BIOMES.world\/","https:\/\/www.youtube.com\/@BIOMESworld","https:\/\/www.instagram.com\/biomes_official\/"]}]}},"_links":{"self":[{"href":"http:\/\/www.biomes.world\/de\/wp-json\/wp\/v2\/pages\/598538","targetHints":{"allow":["GET"]}}],"collection":[{"href":"http:\/\/www.biomes.world\/de\/wp-json\/wp\/v2\/pages"}],"about":[{"href":"http:\/\/www.biomes.world\/de\/wp-json\/wp\/v2\/types\/page"}],"author":[{"embeddable":true,"href":"http:\/\/www.biomes.world\/de\/wp-json\/wp\/v2\/users\/3168"}],"replies":[{"embeddable":true,"href":"http:\/\/www.biomes.world\/de\/wp-json\/wp\/v2\/comments?post=598538"}],"version-history":[{"count":0,"href":"http:\/\/www.biomes.world\/de\/wp-json\/wp\/v2\/pages\/598538\/revisions"}],"wp:attachment":[{"href":"http:\/\/www.biomes.world\/de\/wp-json\/wp\/v2\/media?parent=598538"}],"curies":[{"name":"wp","href":"https:\/\/api.w.org\/{rel}","templated":true}]}}