{"id":581029,"date":"2021-10-01T11:41:46","date_gmt":"2021-10-01T09:41:46","guid":{"rendered":"http:\/\/biomes.world\/?page_id=581029"},"modified":"2021-10-13T17:17:22","modified_gmt":"2021-10-13T15:17:22","slug":"webinar-bestellformular","status":"publish","type":"page","link":"http:\/\/www.biomes.world\/de\/webinar-bestellformular\/","title":{"rendered":"Webinar Bestellformular"},"content":{"rendered":"<div\n    id=\"hero-teaser-block_6151c532d2de7\"\n    class=\"hero-teaser hero-teaser--reverse site-block\"\n>\n    <div class=\"hero-teaser__media\">\n        <img decoding=\"async\"\n            src=\"http:\/\/www.biomes.world\/wp-content\/uploads\/2021\/07\/Ein_Ernaehrungsplan_fuer_eine_gesunde_Darmflora-1600x650.jpg\"\n            alt=\"\"\n            srcset=\"http:\/\/www.biomes.world\/wp-content\/uploads\/2021\/07\/Ein_Ernaehrungsplan_fuer_eine_gesunde_Darmflora-300x169.jpg 300w, http:\/\/www.biomes.world\/wp-content\/uploads\/2021\/07\/Ein_Ernaehrungsplan_fuer_eine_gesunde_Darmflora-1024x576.jpg 1024w, http:\/\/www.biomes.world\/wp-content\/uploads\/2021\/07\/Ein_Ernaehrungsplan_fuer_eine_gesunde_Darmflora-768x432.jpg 768w, http:\/\/www.biomes.world\/wp-content\/uploads\/2021\/07\/Ein_Ernaehrungsplan_fuer_eine_gesunde_Darmflora-1536x864.jpg 1536w, http:\/\/www.biomes.world\/wp-content\/uploads\/2021\/07\/Ein_Ernaehrungsplan_fuer_eine_gesunde_Darmflora-250x141.jpg 250w, http:\/\/www.biomes.world\/wp-content\/uploads\/2021\/07\/Ein_Ernaehrungsplan_fuer_eine_gesunde_Darmflora.jpg 1920w\"\n            sizes=\"(max-width: 30em) 100vw, (max-width: 48em) 100vw, (max-width: 62em) 100vw, (max-width: 75em) 100vw, 1400px\t\"\n        >\n    <\/div>\n    <div class=\"hero-teaser__header\">\n        <div class=\"hero-teaser__col column\">\n            <h2 class=\"hero-teaser__title\">\n                <span>Live-Webinar<\/span>\n                5 INTEST.pro erhalten, 4 zahlen            <\/h2>\n            \n\n<p>Wir freuen uns, dass Sie sich f\u00fcr unser Herbst-Special interessieren. Sie erhalten 5 <strong>INTEST.<\/strong>pro Darmtests, w\u00e4hrend Sie nur 4 zahlen. Dieses Angebot k\u00f6nnen Sie so oft bestellen, wie Sie m\u00f6chten.<\/p>\n\n        <\/div>\n    <\/div>\n<\/div>\n\n\n\n<h2 class=\"wp-block-heading\" id=\"h-sub-jetzt-bestellen-sub-intest-pro-herbst-special\"><span class=\"subheader\"><strong>Jetzt bestellen<\/strong><\/span> <strong><strong>INTEST.pro Herbst-Special<\/strong><\/strong><\/h2>\n\n\n\n<p><\/p>\n\n\n\n<p><strong>Sparen Sie mehr als 300\u20ac!<\/strong><\/p>\n\n\n\n<p>Pro 5f\u00fcr4-Paket zahlen Sie nur 322,88 \u20ac f\u00fcr <strong>5<\/strong> <strong>INTEST<\/strong>.pro Darmfloratests, statt der \u00fcblichen 630,15 \u20ac. Denn nur noch bis einschlie\u00dflich kommenden Mittwoch, den 20. Oktober, k\u00f6nnen Sie es in Kombination mit dem 30 % Herbstrabatt bestellen.<\/p>\n\n\n\n<p><strong><strong>Besonderes Extra: Sie k\u00f6nnen es so oft bestellen, wie Sie m\u00f6chten.<\/strong><\/strong><\/p>\n\n\n\n<hr class=\"wp-block-separator\"\/>\n\n\n\n<p><strong>ACHTUNG:<\/strong>\u00a0Mehrfachbestellungen des 5f\u00fcr4-Specials sind ausschlie\u00dflich bis einschlie\u00dflich kommenden Mittwoch, den 20. Oktober, m\u00f6glich.<\/p>\n\n\n\n<p>Herbstrabatt -30 % ist g\u00fcltig bis zum 31.10.2021.<\/p>\n\n\n\n<p> <\/p>\n\n\n\n<p><\/p>\n\n\n\n<h3 class=\"wp-block-heading\" id=\"h-f-r-die-bestellung-ben-tigen-wir-folgende-informationen-von-ihnen\"><strong>F\u00fcr die Bestellung ben\u00f6tigen wir folgende Informationen von Ihnen:<\/strong><\/h3>\n\n\n<div class=\"site-blockspace--both zohoform\"><!--Zoho Marketing Automation Web-Optin Form Starts Here--><div style=\" margin-top: -2.375rem; \" id=\"sf3zbe0638142def603ee83fd744080384efcd963dab11b8dfd7ebc2bb1d092a4d26\" data-type=\"signupform\"><div id=\"customForm\"><input type=\"hidden\" id=\"recapTheme\" value=\"2\"><input type=\"hidden\" id=\"recapMode\" value=\"70822000015413164\"><input type=\"hidden\" id=\"signupFormType\" value=\"LargeForm_Vertical\"><div name=\"SIGNUP_PAGE\" id=\"SIGNUP_PAGE\" class=\"SIGNUP_PAGE large_form_2_css\"><div><div name=\"\" changeid=\"\" changename=\"\"><div id=\"imgBlock\" name=\"LOGO_DIV\" logo=\"true\"><img decoding=\"async\" valign=\"middle\" src=\"https:\/\/campaign-image.eu\/zohocampaigns\/14acb55c29_biomes_logo_1000px_6.png\" name=\"LOGO\" id=\"iframeImg\"><\/div><\/div><br><div id=\"signupMainDiv\" name=\"SIGNUPFORM\" changeid=\"SIGNUPFORM\" changename=\"SIGNUPFORM\"><div><div style=\"position:relative;\"><div id=\"Zc_SignupSuccess\" style=\"display:none;position:absolute;margin-left:4%;width:90%;background-color: white; padding: 3px; border: 3px solid rgb(194, 225, 154); margin-top: 10px;margin-bottom:10px;word-break:break-all \"><table width=\"100%\" cellspacing=\"0\" cellpadding=\"0\" border=\"0\"><tbody><tr><td width=\"10%\"><img decoding=\"async\" loading=lazy class=\"successicon\" src=\"https:\/\/sngh.maillist-manage.eu\/images\/challangeiconenable.jpg\" align=\"absmiddle\"><\/td><td><span id=\"signupSuccessMsg\" style=\"color: rgb(73, 140, 132); font-family: sans-serif; font-size: 14px;word-break:break-word\">&nbsp;&nbsp;Thank you for Signing Up<\/span><\/td><\/tr><\/tbody><\/table><\/div><\/div><form method=\"POST\" id=\"zcampaignOptinForm\" action=\"https:\/\/sngh.maillist-manage.eu\/weboptin.zc\" target=\"_blank\"><div id=\"SIGNUP_BODY_ALL\" name=\"SIGNUP_BODY_ALL\"><h2 id=\"SIGNUP_HEADING\" name=\"SIGNUP_HEADING\" changeid=\"SIGNUP_MSG\" changetype=\"SIGNUP_HEADER\">BIOMES-WEBINAR 06. Oktober 2021<\/h2><div id=\"SIGNUP_BODY\" name=\"SIGNUP_BODY\"><div><div class=\"\" changeid=\"SIGNUP_MSG\" id=\"SIGNUP_DESCRIPTION\" changetype=\"SIGNUP_DESCRIPTION\" style=\"color: black\">Sie m\u00f6chten gern INTEST.pro im Rahmen der 5f\u00fcr4 Aktion mit 30 % Rabatt bestellen? Geben Sie daf\u00fcr einfach Ihre Daten in die Felder ein und notieren Sie die Anzahl f\u00fcr Ihre \"5f\u00fcr4-Pakete\".&nbsp;<\/div><div id=\"errorMsgDiv\">&nbsp;&nbsp;Bitte korrigieren Sie die nachstehenden markierten Felder.<\/div><div><div name=\"fieldsdivSf\" class=\"zcsffieldsdiv\"><div class=\"zcsffield \" fieldid=\"70822000000000025\"><div><div name=\"SIGNUP_FORM_LABEL\">Praxisname&nbsp; <span name=\"SIGNUP_REQUIRED\">*<\/span><\/div><div><!-- check to mark emailid field as type email, and other mandatory fields as type required --><input name=\"COMPANYNAME\" changeitem=\"SIGNUP_FORM_FIELD\" maxlength=\"100\" type=\"text\" required=\"true\" value=\"\"><\/div><\/div><div><\/div><\/div><div class=\"zcsffield \" fieldid=\"70822000000000019\"><div><div name=\"SIGNUP_FORM_LABEL\">Vorname&nbsp;<span name=\"SIGNUP_REQUIRED\">*<\/span><\/div><div><!-- check to mark emailid field as type email, and other mandatory fields as type required --><input name=\"FIRSTNAME\" changeitem=\"SIGNUP_FORM_FIELD\" maxlength=\"100\" type=\"text\" required=\"true\" value=\"\"><\/div><\/div><div><\/div><\/div><div class=\"zcsffield \" fieldid=\"70822000000000021\"><div><div name=\"SIGNUP_FORM_LABEL\">Nachname&nbsp;<span name=\"SIGNUP_REQUIRED\">*<\/span><\/div><div><!-- check to mark emailid field as type email, and other mandatory fields as type required --><input name=\"LASTNAME\" changeitem=\"SIGNUP_FORM_FIELD\" maxlength=\"100\" type=\"text\" required=\"true\" value=\"\"><\/div><\/div><div><\/div><\/div><div class=\"zcsffield \" fieldid=\"70822000000000015\"><div><div name=\"SIGNUP_FORM_LABEL\">E-Mail-Adresse&nbsp;<span name=\"SIGNUP_REQUIRED\">*<\/span><\/div><div><!-- check to mark emailid field as type email, and other mandatory fields as type required --><input name=\"CONTACT_EMAIL\" changeitem=\"SIGNUP_FORM_FIELD\" maxlength=\"100\" type=\"email\" required=\"true\" value=\"\"><\/div><\/div><div><\/div><\/div><div class=\"zcsffield \" fieldid=\"70822000000000033\"><div><div name=\"SIGNUP_FORM_LABEL\">Stra\u00dfe und Hausnummer&nbsp;<span name=\"SIGNUP_REQUIRED\">*<\/span><\/div><div><!-- check to mark emailid field as type email, and other mandatory fields as type required --><input name=\"ADDRESS\" changeitem=\"SIGNUP_FORM_FIELD\" maxlength=\"100\" type=\"text\" required=\"true\" value=\"\"><\/div><\/div><div><\/div><\/div><div class=\"zcsffield \" fieldid=\"70822000000000039\"><div><div name=\"SIGNUP_FORM_LABEL\">Postleitzahl&nbsp;<span name=\"SIGNUP_REQUIRED\">*<\/span><\/div><div><!-- check to mark emailid field as type email, and other mandatory fields as type required --><input name=\"ZIPCODE\" changeitem=\"SIGNUP_FORM_FIELD\" maxlength=\"100\" type=\"text\" required=\"true\" value=\"\"><\/div><\/div><div><\/div><\/div><div class=\"zcsffield \" fieldid=\"70822000000000035\"><div><div name=\"SIGNUP_FORM_LABEL\">Stadt&nbsp;<span name=\"SIGNUP_REQUIRED\">*<\/span><\/div><div><!-- check to mark emailid field as type email, and other mandatory fields as type required --><input name=\"CITY\" changeitem=\"SIGNUP_FORM_FIELD\" maxlength=\"100\" type=\"text\" required=\"true\" value=\"\"><\/div><\/div><div><\/div><\/div><div class=\"zcsffield \" fieldid=\"70822000004329001\"><div><div name=\"SIGNUP_FORM_LABEL\">Telefonnummer&nbsp;<span name=\"SIGNUP_REQUIRED\">*<\/span><\/div><div><!-- check to mark emailid field as type email, and other mandatory fields as type required --><input name=\"CONTACT_CF32\" changeitem=\"SIGNUP_FORM_FIELD\" maxlength=\"100\" type=\"text\" required=\"true\" value=\"\"><\/div><\/div><div><\/div><\/div><div class=\"zcsffield \" fieldid=\"70822000015413134\"><div><div name=\"SIGNUP_FORM_LABEL\">5f\u00fcr4 - Anzahl&nbsp;<span name=\"SIGNUP_REQUIRED\">*<\/span><\/div><div><!-- check to mark emailid field as type email, and other mandatory fields as type required --><input name=\"CONTACT_CF21\" changeitem=\"SIGNUP_FORM_FIELD\" maxlength=\"100\" type=\"text\" required=\"true\" value=\"\"><\/div><\/div><div><\/div><\/div><div class=\"zcsffield \" fieldid=\"70822000000039955\"><div><div name=\"SIGNUP_FORM_LABEL\">Ihre Nachricht an BIOMES&nbsp;<\/div><div><textarea name=\"CONTACT_CF7\" changeitem=\"SIGNUP_FORM_FIELD\" zc_display_name=\"Ihre Nachricht an BIOMES\" maxlength=\"2000\" cols=\"\" rows=\"\"><\/textarea>&nbsp;<\/div><\/div><div><\/div><\/div><\/div><!-- Captcha for Signup --><div class=\"recapDivlight recaptcha\" id=\"recapDiv\"><\/div><input type=\"hidden\" id=\"secretid\" value=\"6LdNeDUUAAAAAG5l7cJfv1AA5OKLslkrOa_xXxLs\"><!-- Captcha for Signup End--><!-- Other Lists Subscription Start--><!-- Other Lists Subscription End--><div><\/div><div id=\" REQUIRED_FIELD_TEXT\" changetype=\"REQUIRED_FIELD_TEXT\" name=\"SIGNUP_REQUIRED\">*Pflichtfeld<\/div><div name=\"privacyPolicy\"><input type=\"checkbox\" name=\"PRIVACY_POLICY\" value=\"PRIVACY_AGREED\"><span style=\"vertical-align:middle;margin-left:5px\">Hiermit willige ich in die Verarbeitung meiner E-Mail-Adresse und meines Vor- und Nachnamens zum Zwecke der Kontaktaufnahme durch das Vertriebsteam von BIOMES ein. Die Einwilligung kann jederzeit ohne Angaben von Gr\u00fcnden widerrufen werden. Weitere Informationen finden Sie in unseren&nbsp; <a href=\"http:\/\/biomes.world\/de\/rechtliches\/datenschutz\/\" target=\"_blank\" rel=\"noopener\">Datenschutzbestimmungen<\/a>&nbsp;und&nbsp; <a href=\"http:\/\/biomes.world\/de\/rechtliches\/zweckbestimmung\/\" target=\"_blank\" rel=\"noopener\">Zweckbestimmungen.<\/a>&nbsp;Mit Setzen des Hakens und Eingeben einer Bestellmenge best\u00e4tigen Sie au\u00dferdem, dass Sie eine Bestellung ausl\u00f6sen, die Ihnen durch das BIOMES Vertriebsteam in Rechnung gestellt wird.<\/span><\/div><div><input type=\"submit\" class=\"wp-block-button__link\" action=\"Save\" id=\"zcWebOptin\" name=\"SIGNUP_SUBMIT_BUTTON\" changetype=\"SIGNUP_SUBMIT_BUTTON_TEXT\" value=\"Einsenden\"><\/div><!-- Do not edit the below Zoho Campaigns hidden tags --><input type=\"hidden\" id=\"fieldBorder\" value=\"\"><input type=\"hidden\" name=\"zc_trackCode\" id=\"zc_trackCode\" value=\"ZCFORMVIEW\" onload=\"\"><input type=\"hidden\" id=\"submitType\" name=\"submitType\" value=\"optinCustomView\"><input type=\"hidden\" id=\"lD\" name=\"lD\" value=\"1fb9c3bd9338f9e\"><input type=\"hidden\" name=\"emailReportId\" id=\"emailReportId\" value=\"\"><input type=\"hidden\" name=\"zx\" id=\"cmpZuid\" value=\"14acb604e5\"><input type=\"hidden\" name=\"zcvers\" value=\"2.0\"><input type=\"hidden\" name=\"oldListIds\" id=\"allCheckedListIds\" value=\"\"><input type=\"hidden\" id=\"mode\" name=\"mode\" value=\"OptinCreateView\"><input type=\"hidden\" id=\"zcld\" name=\"zcld\" value=\"1fb9c3bd9338f9e\"><input type=\"hidden\" id=\"zctd\" name=\"zctd\" value=\"\"><input type=\"hidden\" id=\"document_domain\" value=\"zoho.eu\"><input type=\"hidden\" id=\"zc_Url\" value=\"sngh.maillist-manage.eu\"><input type=\"hidden\" id=\"new_optin_response_in\" value=\"0\"><input type=\"hidden\" id=\"duplicate_optin_response_in\" value=\"0\"><input type=\"hidden\" id=\"zc_formIx\" name=\"zc_formIx\" value=\"3zbe0638142def603ee83fd744080384efcd963dab11b8dfd7ebc2bb1d092a4d26\"><!-- End of the campaigns hidden tags --><\/div><\/div><input type=\"hidden\" id=\"isCaptchaNeeded\" value=\"false\"><\/div><\/div><input type=\"hidden\" id=\"scriptless\" name=\"scriptless\" value=\"yes\"><\/form><\/div><\/div><\/div><\/div><\/div><\/div><div id=\"zcOptinOverLay\" oncontextmenu=\"return false\" style=\"display:none;text-align: center; background-color: rgb(0, 0, 0); opacity: 0.5; z-index: 100; position: fixed; width: 100%; top: 0px; left: 0px; height: 988px;\"><\/div><div id=\"zcOptinSuccessPopup\" style=\"display:none;z-index: 9999;width: 800px; height: 40%;top: 84px;position: fixed; left: 26%;background-color: #FFFFFF;border-color: #E6E6E6; border-style: solid; border-width: 1px; box-shadow: 0 1px 10px #424242;padding: 35px;\"><span style=\"position: absolute;top: -16px;right:-14px;z-index:99999;cursor: pointer;\" id=\"closeSuccess\"><img decoding=\"async\" src=\"https:\/\/sngh.maillist-manage.eu\/images\/videoclose.png\"><\/span><div id=\"zcOptinSuccessPanel\"><\/div><\/div><!--Zoho Marketing Automation Web-Optin Form Ends Here--><\/div>\n\n\n\n<p><\/p>\n\n\n\n<h2 class=\"wp-block-heading\" id=\"h-sub-webinar-sub-wir-danken-ihnen-f-r-ihr-vertrauen\"><span class=\"subheader\">Webinar<\/span><strong><strong>Wir danken Ihnen f\u00fcr Ihr Vertrauen<\/strong><\/strong><\/h2>\n\n\n\n<p>Jeanette Fritsch und Sven H\u00f6hne schlagen die Br\u00fccke von Wissenschaft zu Beratungsexpertise. Lassen Sie sich von ihren Fallbeispielen und Erfahrungen inspirieren und bleiben Sie in Kontakt.<\/p>\n\n\n\n<p><strong> Vertrieb@biomes.world <\/strong><\/p>\n\n\n<div id=\"teaser-block_6152ff31a5021\" class=\"wp-block-biomesworld-teaser site-blockspace--both site-block\">\n    <div class=\"wp-block-biomesworld-teaser__row row xs-up-1 md-up-2 lg-up-2\">\n                                    <div class=\"wp-block-biomesworld-teaser__col column\">\n                    <div class=\"wp-block-biomesworld-teaser__item\">                        <span class=\"wp-block-biomesworld-teaser__media\">\n                            <svg xmlns=\"http:\/\/www.w3.org\/2000\/svg\" viewBox=\"0 0 400 358.6\" preserveAspectRatio=\"xMaxYMax slice\">\n                            <image xlink:href=\"http:\/\/www.biomes.world\/wp-content\/uploads\/2021\/09\/Jaenette_Gross-400x360.png\"  clip-path=\"url(#clip-teaser)\"\/>                                <clipPath id=\"clip-teaser\">\n                                    <path d=\"M277.3,0H122.7c-16.2,0-31.2,8.7-39.3,22.7L6.1,156.6c-8.1,14-8.1,31.3,0,45.4l77.3,133.9 c8.1,14,23.1,22.7,39.3,22.7h154.6c16.2,0,31.2-8.7,39.3-22.7L393.9,202c8.1-14,8.1-31.3,0-45.4L316.6,22.7 C308.5,8.7,293.5,0,277.3,0z\"\/>\n                                <\/clipPath>&#8218;;\n                                                        <\/svg>\n                        <\/span>\n                        <span class=\"wp-block-biomesworld-teaser__text\">\n                            <b>Jeanette N. Fritsch<\/b>Vitalstoffberaterin, Gesundheits- und Pr\u00e4ventionscoach, Themenschwerpunkt Frauen 40+ Jahre                         <\/span>\n                    <\/div>                <\/div>\n                            <div class=\"wp-block-biomesworld-teaser__col column\">\n                    <div class=\"wp-block-biomesworld-teaser__item\">                        <span class=\"wp-block-biomesworld-teaser__media\">\n                            <svg xmlns=\"http:\/\/www.w3.org\/2000\/svg\" viewBox=\"0 0 400 358.6\" preserveAspectRatio=\"xMaxYMax slice\">\n                            <image xlink:href=\"http:\/\/www.biomes.world\/wp-content\/uploads\/2021\/09\/Sven_zugeschnitten-400x360.jpg\"  clip-path=\"url(#clip-teaser)\"\/>                                <clipPath id=\"clip-teaser\">\n                                    <path d=\"M277.3,0H122.7c-16.2,0-31.2,8.7-39.3,22.7L6.1,156.6c-8.1,14-8.1,31.3,0,45.4l77.3,133.9 c8.1,14,23.1,22.7,39.3,22.7h154.6c16.2,0,31.2-8.7,39.3-22.7L393.9,202c8.1-14,8.1-31.3,0-45.4L316.6,22.7 C308.5,8.7,293.5,0,277.3,0z\"\/>\n                                <\/clipPath>&#8218;;\n                                                        <\/svg>\n                        <\/span>\n                        <span class=\"wp-block-biomesworld-teaser__text\">\n                            <b>Sven H\u00f6hne<\/b>Fitnesstrainer, Sportler &#038; Marketing Spezialist                         <\/span>\n                    <\/div>                <\/div>\n                        <\/div>\n<\/div>\n","protected":false},"excerpt":{"rendered":"<p>&nbsp;&nbsp;Thank you for Signing Up BIOMES-WEBINAR 06. Oktober 2021 Sie m\u00f6chten gern INTEST.pro im Rahmen der 5f\u00fcr4 Aktion mit 30 % Rabatt bestellen? Geben Sie daf\u00fcr einfach Ihre Daten in die Felder ein und notieren Sie die Anzahl f\u00fcr Ihre &#8222;5f\u00fcr4-Pakete&#8220;.&nbsp; &nbsp;&nbsp;Bitte korrigieren Sie die nachstehenden markierten Felder. Praxisname&nbsp; * Vorname&nbsp;* Nachname&nbsp;* E-Mail-Adresse&nbsp;* Stra\u00dfe und [&#8230;]<\/p>\n","protected":false},"author":3168,"featured_media":0,"parent":0,"menu_order":0,"comment_status":"closed","ping_status":"closed","template":"","meta":{"_acf_changed":false,"footnotes":""},"class_list":["post-581029","page","type-page","status-publish","hentry"],"acf":[],"yoast_head":"<!-- This site is optimized with the Yoast SEO plugin v27.5 - https:\/\/yoast.com\/product\/yoast-seo-wordpress\/ -->\n<title>Webinar Bestellformular - BIOMES - Feel better<\/title>\n<meta name=\"robots\" content=\"index, follow, max-snippet:-1, max-image-preview:large, max-video-preview:-1\" \/>\n<link rel=\"canonical\" href=\"http:\/\/www.biomes.world\/de\/webinar-bestellformular\/\" \/>\n<meta property=\"og:locale\" content=\"de_DE\" \/>\n<meta property=\"og:type\" content=\"article\" \/>\n<meta property=\"og:title\" content=\"Webinar Bestellformular - BIOMES - Feel better\" \/>\n<meta property=\"og:description\" content=\"&nbsp;&nbsp;Thank you for Signing Up BIOMES-WEBINAR 06. Oktober 2021 Sie m\u00f6chten gern INTEST.pro im Rahmen der 5f\u00fcr4 Aktion mit 30 % Rabatt bestellen? Geben Sie daf\u00fcr einfach Ihre Daten in die Felder ein und notieren Sie die Anzahl f\u00fcr Ihre &#8222;5f\u00fcr4-Pakete&#8220;.&nbsp; &nbsp;&nbsp;Bitte korrigieren Sie die nachstehenden markierten Felder. Praxisname&nbsp; * Vorname&nbsp;* Nachname&nbsp;* E-Mail-Adresse&nbsp;* Stra\u00dfe und [...]\" \/>\n<meta property=\"og:url\" content=\"http:\/\/www.biomes.world\/de\/webinar-bestellformular\/\" \/>\n<meta property=\"og:site_name\" content=\"BIOMES - Feel better\" \/>\n<meta property=\"article:publisher\" content=\"https:\/\/de-de.facebook.com\/BIOMES.world\/\" \/>\n<meta property=\"article:modified_time\" content=\"2021-10-13T15:17:22+00:00\" \/>\n<meta name=\"twitter:card\" content=\"summary_large_image\" \/>\n<meta name=\"twitter:label1\" content=\"Gesch\u00e4tzte Lesezeit\" \/>\n\t<meta name=\"twitter:data1\" content=\"1\u00a0Minute\" \/>\n<script type=\"application\/ld+json\" class=\"yoast-schema-graph\">{\"@context\":\"https:\\\/\\\/schema.org\",\"@graph\":[{\"@type\":\"WebPage\",\"@id\":\"http:\\\/\\\/www.biomes.world\\\/de\\\/webinar-bestellformular\\\/\",\"url\":\"http:\\\/\\\/www.biomes.world\\\/de\\\/webinar-bestellformular\\\/\",\"name\":\"Webinar Bestellformular - BIOMES - Feel better\",\"isPartOf\":{\"@id\":\"https:\\\/\\\/biomes.world\\\/de\\\/#website\"},\"datePublished\":\"2021-10-01T09:41:46+00:00\",\"dateModified\":\"2021-10-13T15:17:22+00:00\",\"breadcrumb\":{\"@id\":\"http:\\\/\\\/www.biomes.world\\\/de\\\/webinar-bestellformular\\\/#breadcrumb\"},\"inLanguage\":\"de\",\"potentialAction\":[{\"@type\":\"ReadAction\",\"target\":[\"http:\\\/\\\/www.biomes.world\\\/de\\\/webinar-bestellformular\\\/\"]}]},{\"@type\":\"BreadcrumbList\",\"@id\":\"http:\\\/\\\/www.biomes.world\\\/de\\\/webinar-bestellformular\\\/#breadcrumb\",\"itemListElement\":[{\"@type\":\"ListItem\",\"position\":1,\"name\":\"Home\",\"item\":\"https:\\\/\\\/biomes.world\\\/de\\\/\"},{\"@type\":\"ListItem\",\"position\":2,\"name\":\"Webinar Bestellformular\"}]},{\"@type\":\"WebSite\",\"@id\":\"https:\\\/\\\/biomes.world\\\/de\\\/#website\",\"url\":\"https:\\\/\\\/biomes.world\\\/de\\\/\",\"name\":\"BIOMES - Feel better\",\"description\":\"Cutting-edge biotechnology used to help people\",\"publisher\":{\"@id\":\"https:\\\/\\\/biomes.world\\\/de\\\/#organization\"},\"potentialAction\":[{\"@type\":\"SearchAction\",\"target\":{\"@type\":\"EntryPoint\",\"urlTemplate\":\"https:\\\/\\\/biomes.world\\\/de\\\/?s={search_term_string}\"},\"query-input\":{\"@type\":\"PropertyValueSpecification\",\"valueRequired\":true,\"valueName\":\"search_term_string\"}}],\"inLanguage\":\"de\"},{\"@type\":\"Organization\",\"@id\":\"https:\\\/\\\/biomes.world\\\/de\\\/#organization\",\"name\":\"BIOMES 4.0 GmbH\",\"url\":\"https:\\\/\\\/biomes.world\\\/de\\\/\",\"logo\":{\"@type\":\"ImageObject\",\"inLanguage\":\"de\",\"@id\":\"https:\\\/\\\/biomes.world\\\/de\\\/#\\\/schema\\\/logo\\\/image\\\/\",\"url\":\"https:\\\/\\\/biomes.world\\\/http:\\\/\\\/biomes.world\\\/wp-content\\\/uploads\\\/2024\\\/04\\\/biomes_logo_2021_RGB.png\",\"contentUrl\":\"https:\\\/\\\/biomes.world\\\/http:\\\/\\\/biomes.world\\\/wp-content\\\/uploads\\\/2024\\\/04\\\/biomes_logo_2021_RGB.png\",\"width\":10040,\"height\":2599,\"caption\":\"BIOMES 4.0 GmbH\"},\"image\":{\"@id\":\"https:\\\/\\\/biomes.world\\\/de\\\/#\\\/schema\\\/logo\\\/image\\\/\"},\"sameAs\":[\"https:\\\/\\\/de-de.facebook.com\\\/BIOMES.world\\\/\",\"https:\\\/\\\/www.youtube.com\\\/@BIOMESworld\",\"https:\\\/\\\/www.instagram.com\\\/biomes_official\\\/\"]}]}<\/script>\n<!-- \/ Yoast SEO plugin. -->","yoast_head_json":{"title":"Webinar Bestellformular - BIOMES - Feel better","robots":{"index":"index","follow":"follow","max-snippet":"max-snippet:-1","max-image-preview":"max-image-preview:large","max-video-preview":"max-video-preview:-1"},"canonical":"http:\/\/www.biomes.world\/de\/webinar-bestellformular\/","og_locale":"de_DE","og_type":"article","og_title":"Webinar Bestellformular - BIOMES - Feel better","og_description":"&nbsp;&nbsp;Thank you for Signing Up BIOMES-WEBINAR 06. Oktober 2021 Sie m\u00f6chten gern INTEST.pro im Rahmen der 5f\u00fcr4 Aktion mit 30 % Rabatt bestellen? Geben Sie daf\u00fcr einfach Ihre Daten in die Felder ein und notieren Sie die Anzahl f\u00fcr Ihre &#8222;5f\u00fcr4-Pakete&#8220;.&nbsp; &nbsp;&nbsp;Bitte korrigieren Sie die nachstehenden markierten Felder. Praxisname&nbsp; * Vorname&nbsp;* Nachname&nbsp;* E-Mail-Adresse&nbsp;* Stra\u00dfe und [...]","og_url":"http:\/\/www.biomes.world\/de\/webinar-bestellformular\/","og_site_name":"BIOMES - Feel better","article_publisher":"https:\/\/de-de.facebook.com\/BIOMES.world\/","article_modified_time":"2021-10-13T15:17:22+00:00","twitter_card":"summary_large_image","twitter_misc":{"Gesch\u00e4tzte Lesezeit":"1\u00a0Minute"},"schema":{"@context":"https:\/\/schema.org","@graph":[{"@type":"WebPage","@id":"http:\/\/www.biomes.world\/de\/webinar-bestellformular\/","url":"http:\/\/www.biomes.world\/de\/webinar-bestellformular\/","name":"Webinar Bestellformular - BIOMES - Feel better","isPartOf":{"@id":"https:\/\/biomes.world\/de\/#website"},"datePublished":"2021-10-01T09:41:46+00:00","dateModified":"2021-10-13T15:17:22+00:00","breadcrumb":{"@id":"http:\/\/www.biomes.world\/de\/webinar-bestellformular\/#breadcrumb"},"inLanguage":"de","potentialAction":[{"@type":"ReadAction","target":["http:\/\/www.biomes.world\/de\/webinar-bestellformular\/"]}]},{"@type":"BreadcrumbList","@id":"http:\/\/www.biomes.world\/de\/webinar-bestellformular\/#breadcrumb","itemListElement":[{"@type":"ListItem","position":1,"name":"Home","item":"https:\/\/biomes.world\/de\/"},{"@type":"ListItem","position":2,"name":"Webinar Bestellformular"}]},{"@type":"WebSite","@id":"https:\/\/biomes.world\/de\/#website","url":"https:\/\/biomes.world\/de\/","name":"BIOMES - Feel better","description":"Cutting-edge biotechnology used to help people","publisher":{"@id":"https:\/\/biomes.world\/de\/#organization"},"potentialAction":[{"@type":"SearchAction","target":{"@type":"EntryPoint","urlTemplate":"https:\/\/biomes.world\/de\/?s={search_term_string}"},"query-input":{"@type":"PropertyValueSpecification","valueRequired":true,"valueName":"search_term_string"}}],"inLanguage":"de"},{"@type":"Organization","@id":"https:\/\/biomes.world\/de\/#organization","name":"BIOMES 4.0 GmbH","url":"https:\/\/biomes.world\/de\/","logo":{"@type":"ImageObject","inLanguage":"de","@id":"https:\/\/biomes.world\/de\/#\/schema\/logo\/image\/","url":"https:\/\/biomes.world\/http:\/\/biomes.world\/wp-content\/uploads\/2024\/04\/biomes_logo_2021_RGB.png","contentUrl":"https:\/\/biomes.world\/http:\/\/biomes.world\/wp-content\/uploads\/2024\/04\/biomes_logo_2021_RGB.png","width":10040,"height":2599,"caption":"BIOMES 4.0 GmbH"},"image":{"@id":"https:\/\/biomes.world\/de\/#\/schema\/logo\/image\/"},"sameAs":["https:\/\/de-de.facebook.com\/BIOMES.world\/","https:\/\/www.youtube.com\/@BIOMESworld","https:\/\/www.instagram.com\/biomes_official\/"]}]}},"_links":{"self":[{"href":"http:\/\/www.biomes.world\/de\/wp-json\/wp\/v2\/pages\/581029","targetHints":{"allow":["GET"]}}],"collection":[{"href":"http:\/\/www.biomes.world\/de\/wp-json\/wp\/v2\/pages"}],"about":[{"href":"http:\/\/www.biomes.world\/de\/wp-json\/wp\/v2\/types\/page"}],"author":[{"embeddable":true,"href":"http:\/\/www.biomes.world\/de\/wp-json\/wp\/v2\/users\/3168"}],"replies":[{"embeddable":true,"href":"http:\/\/www.biomes.world\/de\/wp-json\/wp\/v2\/comments?post=581029"}],"version-history":[{"count":0,"href":"http:\/\/www.biomes.world\/de\/wp-json\/wp\/v2\/pages\/581029\/revisions"}],"wp:attachment":[{"href":"http:\/\/www.biomes.world\/de\/wp-json\/wp\/v2\/media?parent=581029"}],"curies":[{"name":"wp","href":"https:\/\/api.w.org\/{rel}","templated":true}]}}